{"id":66,"date":"2024-03-20T15:06:02","date_gmt":"2024-03-20T15:06:02","guid":{"rendered":"https:\/\/lorenaalonsodesigns.com\/?page_id=66"},"modified":"2024-05-14T17:00:53","modified_gmt":"2024-05-14T17:00:53","slug":"lorena-alonso-designs","status":"publish","type":"page","link":"https:\/\/lorenaalonsodesigns.com\/?page_id=66","title":{"rendered":"Lorena Alonso Designs"},"content":{"rendered":"\n<div class=\"wp-block-media-text is-stacked-on-mobile\"><figure class=\"wp-block-media-text__media\"><\/figure><div class=\"wp-block-media-text__content\">\n<p><\/p>\n<\/div><\/div>\n\n\n\n<div class=\"wp-block-columns is-layout-flex wp-container-core-columns-is-layout-28f84493 wp-block-columns-is-layout-flex\">\n<div class=\"wp-block-column is-layout-flow wp-block-column-is-layout-flow\">\n<h2 class=\"wp-block-heading\">Formaci\u00f3n Acad\u00e9mica<\/h2>\n\n\n\n<ul class=\"wp-block-list\">\n<li>Grado en Comunicaci\u00f3n Audiovisual &#8211; Universidad Rey Juan Carlos.<\/li>\n\n\n\n<li>Curso de Dise\u00f1o Gr\u00e1fico &#8211; Escuela Trazos.<\/li>\n<\/ul>\n\n\n\n<h2 class=\"wp-block-heading\">Certificaciones<\/h2>\n\n\n\n<ul class=\"wp-block-list\">\n<li>E-Commerce y gesti\u00f3n comercial &#8211; Santander Open Academy e IE University. 2024.<\/li>\n\n\n\n<li>Maquetaci\u00f3n en XML con InDesign &#8211; C\u00e1lamo &amp; Cran. 2023.<\/li>\n<\/ul>\n<\/div>\n\n\n\n<div class=\"wp-block-column is-layout-flow wp-block-column-is-layout-flow\"><\/div>\n<\/div>\n","protected":false},"excerpt":{"rendered":"<p>Formaci\u00f3n Acad\u00e9mica Certificaciones<\/p>\n","protected":false},"author":1,"featured_media":0,"parent":0,"menu_order":0,"comment_status":"closed","ping_status":"closed","template":"","meta":{"site-container-style":"default","site-container-layout":"default","site-sidebar-layout":"default","site-transparent-header":"default","prose-style":"enable","disable-article-header":"default","disable-site-header":"default","disable-site-footer":"default","disable-content-area-spacing":"default","footnotes":""},"class_list":["post-66","page","type-page","status-publish","hentry"],"yoast_head":"<!-- This site is optimized with the Yoast SEO plugin v27.6 - https:\/\/yoast.com\/product\/yoast-seo-wordpress\/ -->\n<title>Lorena Alonso Designs - Lorena Alonso Designs<\/title>\n<meta name=\"description\" content=\"Lorena Alonso Designs - Servicios de marketing, gesti\u00f3n de redes sociales, dise\u00f1o gr\u00e1fico, e-commerce, SEO.\" \/>\n<meta name=\"robots\" content=\"index, follow, max-snippet:-1, max-image-preview:large, max-video-preview:-1\" \/>\n<link rel=\"canonical\" href=\"https:\/\/lorenaalonsodesigns.com\/?page_id=66\" \/>\n<meta property=\"og:locale\" content=\"es_ES\" \/>\n<meta property=\"og:type\" content=\"article\" \/>\n<meta property=\"og:title\" content=\"Lorena Alonso Designs - Lorena Alonso Designs\" \/>\n<meta property=\"og:description\" content=\"Lorena Alonso Designs - Servicios de marketing, gesti\u00f3n de redes sociales, dise\u00f1o gr\u00e1fico, e-commerce, SEO.\" \/>\n<meta property=\"og:url\" content=\"https:\/\/lorenaalonsodesigns.com\/?page_id=66\" \/>\n<meta property=\"og:site_name\" content=\"Lorena Alonso Designs\" \/>\n<meta property=\"article:modified_time\" content=\"2024-05-14T17:00:53+00:00\" \/>\n<meta name=\"twitter:card\" content=\"summary_large_image\" \/>\n<meta name=\"twitter:label1\" content=\"Tiempo de lectura\" \/>\n\t<meta name=\"twitter:data1\" content=\"1 minuto\" \/>\n<script type=\"application\/ld+json\" class=\"yoast-schema-graph\">{\"@context\":\"https:\\\/\\\/schema.org\",\"@graph\":[{\"@type\":\"WebPage\",\"@id\":\"https:\\\/\\\/lorenaalonsodesigns.com\\\/?page_id=66\",\"url\":\"https:\\\/\\\/lorenaalonsodesigns.com\\\/?page_id=66\",\"name\":\"Lorena Alonso Designs - Lorena Alonso Designs\",\"isPartOf\":{\"@id\":\"https:\\\/\\\/lorenaalonsodesigns.com\\\/#website\"},\"datePublished\":\"2024-03-20T15:06:02+00:00\",\"dateModified\":\"2024-05-14T17:00:53+00:00\",\"description\":\"Lorena Alonso Designs - Servicios de marketing, gesti\u00f3n de redes sociales, dise\u00f1o gr\u00e1fico, e-commerce, SEO.\",\"breadcrumb\":{\"@id\":\"https:\\\/\\\/lorenaalonsodesigns.com\\\/?page_id=66#breadcrumb\"},\"inLanguage\":\"es\",\"potentialAction\":[{\"@type\":\"ReadAction\",\"target\":[\"https:\\\/\\\/lorenaalonsodesigns.com\\\/?page_id=66\"]}]},{\"@type\":\"BreadcrumbList\",\"@id\":\"https:\\\/\\\/lorenaalonsodesigns.com\\\/?page_id=66#breadcrumb\",\"itemListElement\":[{\"@type\":\"ListItem\",\"position\":1,\"name\":\"Portada\",\"item\":\"https:\\\/\\\/lorenaalonsodesigns.com\\\/\"},{\"@type\":\"ListItem\",\"position\":2,\"name\":\"Lorena Alonso Designs\"}]},{\"@type\":\"WebSite\",\"@id\":\"https:\\\/\\\/lorenaalonsodesigns.com\\\/#website\",\"url\":\"https:\\\/\\\/lorenaalonsodesigns.com\\\/\",\"name\":\"Lorena Alonso Designs\",\"description\":\"\",\"publisher\":{\"@id\":\"https:\\\/\\\/lorenaalonsodesigns.com\\\/#organization\"},\"potentialAction\":[{\"@type\":\"SearchAction\",\"target\":{\"@type\":\"EntryPoint\",\"urlTemplate\":\"https:\\\/\\\/lorenaalonsodesigns.com\\\/?s={search_term_string}\"},\"query-input\":{\"@type\":\"PropertyValueSpecification\",\"valueRequired\":true,\"valueName\":\"search_term_string\"}}],\"inLanguage\":\"es\"},{\"@type\":\"Organization\",\"@id\":\"https:\\\/\\\/lorenaalonsodesigns.com\\\/#organization\",\"name\":\"Lorena Alonso Designs\",\"url\":\"https:\\\/\\\/lorenaalonsodesigns.com\\\/\",\"logo\":{\"@type\":\"ImageObject\",\"inLanguage\":\"es\",\"@id\":\"https:\\\/\\\/lorenaalonsodesigns.com\\\/#\\\/schema\\\/logo\\\/image\\\/\",\"url\":\"https:\\\/\\\/lorenaalonsodesigns.com\\\/wp-content\\\/uploads\\\/2023\\\/10\\\/cropped-Logotipo_LorenaAlonsoDesigns_negro-1.png\",\"contentUrl\":\"https:\\\/\\\/lorenaalonsodesigns.com\\\/wp-content\\\/uploads\\\/2023\\\/10\\\/cropped-Logotipo_LorenaAlonsoDesigns_negro-1.png\",\"width\":945,\"height\":945,\"caption\":\"Lorena Alonso Designs\"},\"image\":{\"@id\":\"https:\\\/\\\/lorenaalonsodesigns.com\\\/#\\\/schema\\\/logo\\\/image\\\/\"}}]}<\/script>\n<!-- \/ Yoast SEO plugin. -->","yoast_head_json":{"title":"Lorena Alonso Designs - Lorena Alonso Designs","description":"Lorena Alonso Designs - Servicios de marketing, gesti\u00f3n de redes sociales, dise\u00f1o gr\u00e1fico, e-commerce, SEO.","robots":{"index":"index","follow":"follow","max-snippet":"max-snippet:-1","max-image-preview":"max-image-preview:large","max-video-preview":"max-video-preview:-1"},"canonical":"https:\/\/lorenaalonsodesigns.com\/?page_id=66","og_locale":"es_ES","og_type":"article","og_title":"Lorena Alonso Designs - Lorena Alonso Designs","og_description":"Lorena Alonso Designs - Servicios de marketing, gesti\u00f3n de redes sociales, dise\u00f1o gr\u00e1fico, e-commerce, SEO.","og_url":"https:\/\/lorenaalonsodesigns.com\/?page_id=66","og_site_name":"Lorena Alonso Designs","article_modified_time":"2024-05-14T17:00:53+00:00","twitter_card":"summary_large_image","twitter_misc":{"Tiempo de lectura":"1 minuto"},"schema":{"@context":"https:\/\/schema.org","@graph":[{"@type":"WebPage","@id":"https:\/\/lorenaalonsodesigns.com\/?page_id=66","url":"https:\/\/lorenaalonsodesigns.com\/?page_id=66","name":"Lorena Alonso Designs - Lorena Alonso Designs","isPartOf":{"@id":"https:\/\/lorenaalonsodesigns.com\/#website"},"datePublished":"2024-03-20T15:06:02+00:00","dateModified":"2024-05-14T17:00:53+00:00","description":"Lorena Alonso Designs - Servicios de marketing, gesti\u00f3n de redes sociales, dise\u00f1o gr\u00e1fico, e-commerce, SEO.","breadcrumb":{"@id":"https:\/\/lorenaalonsodesigns.com\/?page_id=66#breadcrumb"},"inLanguage":"es","potentialAction":[{"@type":"ReadAction","target":["https:\/\/lorenaalonsodesigns.com\/?page_id=66"]}]},{"@type":"BreadcrumbList","@id":"https:\/\/lorenaalonsodesigns.com\/?page_id=66#breadcrumb","itemListElement":[{"@type":"ListItem","position":1,"name":"Portada","item":"https:\/\/lorenaalonsodesigns.com\/"},{"@type":"ListItem","position":2,"name":"Lorena Alonso Designs"}]},{"@type":"WebSite","@id":"https:\/\/lorenaalonsodesigns.com\/#website","url":"https:\/\/lorenaalonsodesigns.com\/","name":"Lorena Alonso Designs","description":"","publisher":{"@id":"https:\/\/lorenaalonsodesigns.com\/#organization"},"potentialAction":[{"@type":"SearchAction","target":{"@type":"EntryPoint","urlTemplate":"https:\/\/lorenaalonsodesigns.com\/?s={search_term_string}"},"query-input":{"@type":"PropertyValueSpecification","valueRequired":true,"valueName":"search_term_string"}}],"inLanguage":"es"},{"@type":"Organization","@id":"https:\/\/lorenaalonsodesigns.com\/#organization","name":"Lorena Alonso Designs","url":"https:\/\/lorenaalonsodesigns.com\/","logo":{"@type":"ImageObject","inLanguage":"es","@id":"https:\/\/lorenaalonsodesigns.com\/#\/schema\/logo\/image\/","url":"https:\/\/lorenaalonsodesigns.com\/wp-content\/uploads\/2023\/10\/cropped-Logotipo_LorenaAlonsoDesigns_negro-1.png","contentUrl":"https:\/\/lorenaalonsodesigns.com\/wp-content\/uploads\/2023\/10\/cropped-Logotipo_LorenaAlonsoDesigns_negro-1.png","width":945,"height":945,"caption":"Lorena Alonso Designs"},"image":{"@id":"https:\/\/lorenaalonsodesigns.com\/#\/schema\/logo\/image\/"}}]}},"_links":{"self":[{"href":"https:\/\/lorenaalonsodesigns.com\/index.php?rest_route=\/wp\/v2\/pages\/66","targetHints":{"allow":["GET"]}}],"collection":[{"href":"https:\/\/lorenaalonsodesigns.com\/index.php?rest_route=\/wp\/v2\/pages"}],"about":[{"href":"https:\/\/lorenaalonsodesigns.com\/index.php?rest_route=\/wp\/v2\/types\/page"}],"author":[{"embeddable":true,"href":"https:\/\/lorenaalonsodesigns.com\/index.php?rest_route=\/wp\/v2\/users\/1"}],"replies":[{"embeddable":true,"href":"https:\/\/lorenaalonsodesigns.com\/index.php?rest_route=%2Fwp%2Fv2%2Fcomments&post=66"}],"version-history":[{"count":6,"href":"https:\/\/lorenaalonsodesigns.com\/index.php?rest_route=\/wp\/v2\/pages\/66\/revisions"}],"predecessor-version":[{"id":220,"href":"https:\/\/lorenaalonsodesigns.com\/index.php?rest_route=\/wp\/v2\/pages\/66\/revisions\/220"}],"wp:attachment":[{"href":"https:\/\/lorenaalonsodesigns.com\/index.php?rest_route=%2Fwp%2Fv2%2Fmedia&parent=66"}],"curies":[{"name":"wp","href":"https:\/\/api.w.org\/{rel}","templated":true}]}}