{"id":2,"date":"2023-10-03T13:30:06","date_gmt":"2023-10-03T13:30:06","guid":{"rendered":"https:\/\/lorenaalonsodesigns.com\/?page_id=2"},"modified":"2024-05-14T17:10:40","modified_gmt":"2024-05-14T17:10:40","slug":"lorena-alonso-marketing","status":"publish","type":"page","link":"https:\/\/lorenaalonsodesigns.com\/","title":{"rendered":"Lorena Alonso"},"content":{"rendered":"\n<div class=\"wp-block-group alignfull is-layout-constrained wp-container-core-group-is-layout-553588c8 wp-block-group-is-layout-constrained\" style=\"margin-top:0;margin-bottom:0;padding-top:var(--wp--preset--spacing--40);padding-right:var(--wp--preset--spacing--30);padding-bottom:var(--wp--preset--spacing--40);padding-left:var(--wp--preset--spacing--30)\">\n<div class=\"wp-block-cover alignfull is-light\" style=\"margin-top:0;padding-top:5vw;padding-right:5vw;padding-bottom:5vw;padding-left:5vw\"><span aria-hidden=\"true\" class=\"wp-block-cover__background has-background-dim-100 has-background-dim\" style=\"background-color:#5ce1e6\"><\/span><div class=\"wp-block-cover__inner-container is-layout-flow wp-block-cover-is-layout-flow\">\n<div class=\"wp-block-group is-layout-flex wp-container-core-group-is-layout-d0921e6e wp-block-group-is-layout-flex\">\n<div class=\"wp-block-group wp-container-content-8eb0bdf3 is-layout-flow wp-container-core-group-is-layout-634f0b9d wp-block-group-is-layout-flow\">\n<h1 class=\"wp-block-heading has-black-color has-text-color has-link-color wp-elements-6afbd4958374dc4aa820fbb8cafcb336\" style=\"font-size:clamp(14.642px, 0.915rem + ((1vw - 3.2px) * 0.836), 22px);\">\u00bfTU MARKETING NECESITA UN RESCATE? <\/h1>\n\n\n\n<p style=\"margin-top:0;margin-right:0;margin-bottom:0;margin-left:0;font-size:clamp(14px, 0.875rem + ((1vw - 3.2px) * 0.455), 18px);\">Aqu\u00ed estamos, capa no incluida, pero con algunos superpoderes. Con un enfoque directo y personalizado, tus ideas convertidas en realidades digitales. Haz crecer tu marketing.<\/p>\n\n\n\n<div class=\"wp-block-buttons is-layout-flex wp-block-buttons-is-layout-flex\">\n<div class=\"wp-block-button has-custom-font-size\" style=\"font-size:clamp(14px, 0.875rem + ((1vw - 3.2px) * 0.341), 17px);font-style:normal;font-weight:700;letter-spacing:0px;text-decoration:none;text-transform:uppercase\"><a class=\"wp-block-button__link has-white-color has-black-background-color has-text-color has-background wp-element-button\" style=\"border-radius:0px;border-top-style:none;border-top-width:0px;border-right-style:none;border-right-width:0px;border-bottom-style:none;border-bottom-width:0px;border-left-style:none;border-left-width:0px;padding-top:14px;padding-right:36px;padding-bottom:14px;padding-left:36px\">SERVICIOS DE MARKETING<\/a><\/div>\n<\/div>\n<\/div>\n\n\n\n<div class=\"wp-block-group wp-container-content-9cfa9a5a is-layout-flow wp-container-core-group-is-layout-d6743c7d wp-block-group-is-layout-flow\">\n<p class=\"has-text-align-right has-black-color has-text-color\" style=\"font-size:clamp(42.068px, 2.629rem + ((1vw - 3.2px) * 4.31), 80px);font-style:normal;font-weight:700;letter-spacing:-4px;line-height:0.9;text-transform:uppercase\">visibible<br>y actual <\/p>\n\n\n\n<p class=\"has-text-align-right has-white-color has-text-color\" style=\"font-size:clamp(35.2px, 2.2rem + ((1vw - 3.2px) * 3.273), 64px);font-style:normal;font-weight:700;letter-spacing:-4px;line-height:3.3;text-transform:uppercase\">aumenta tu potencial<\/p>\n<\/div>\n<\/div>\n<\/div><\/div>\n<\/div>\n\n\n\n<div class=\"wp-block-columns is-layout-flex wp-container-core-columns-is-layout-28f84493 wp-block-columns-is-layout-flex\">\n<div class=\"wp-block-column is-layout-flow wp-block-column-is-layout-flow\"><\/div>\n<\/div>\n\n\n\n<div class=\"wp-block-columns is-layout-flex wp-container-core-columns-is-layout-28f84493 wp-block-columns-is-layout-flex\">\n<div class=\"wp-block-column is-layout-flow wp-block-column-is-layout-flow\">\n<h3 class=\"wp-block-heading has-text-align-left has-white-color has-text-color\" style=\"font-size:clamp(18.959px, 1.185rem + ((1vw - 3.2px) * 1.255), 30px);\">MARKETING<\/h3>\n\n\n\n<p class=\"has-white-color has-text-color has-link-color wp-elements-8746e6f2d8aeefed4b337c8f8ca80ba9\">En la din\u00e1mica actual del mercado, el marketing se ha transformado en una herramienta esencial para el \u00e9xito de cualquier negocio. A trav\u00e9s de una estrategia bien estructurada que incluye dise\u00f1o gr\u00e1fico, gesti\u00f3n de redes sociales, desarrollo web y comunicaci\u00f3n eficaz, las empresas pueden asegurar una presencia s\u00f3lida en el \u00e1mbito digital y captar la atenci\u00f3n de su p\u00fablico objetivo de manera efectiva.<\/p>\n\n\n\n<div class=\"wp-block-buttons is-layout-flex wp-block-buttons-is-layout-flex\">\n<div class=\"wp-block-button\"><a class=\"wp-block-button__link wp-element-button\">CONOCE M\u00c1S<\/a><\/div>\n<\/div>\n<\/div>\n\n\n\n<div class=\"wp-block-column is-layout-flow wp-block-column-is-layout-flow\">\n<figure class=\"wp-block-image aligncenter size-full is-resized\"><img fetchpriority=\"high\" decoding=\"async\" width=\"591\" height=\"591\" src=\"https:\/\/lorenaalonsodesigns.com\/wp-content\/uploads\/2024\/04\/icono-marketing_lorenaalonsodesings.png\" alt=\"Servicios de marketing\" class=\"wp-image-170\" style=\"width:300px\" srcset=\"https:\/\/lorenaalonsodesigns.com\/wp-content\/uploads\/2024\/04\/icono-marketing_lorenaalonsodesings.png 591w, https:\/\/lorenaalonsodesigns.com\/wp-content\/uploads\/2024\/04\/icono-marketing_lorenaalonsodesings-300x300.png 300w, https:\/\/lorenaalonsodesigns.com\/wp-content\/uploads\/2024\/04\/icono-marketing_lorenaalonsodesings-150x150.png 150w\" sizes=\"(max-width: 591px) 100vw, 591px\" \/><\/figure>\n<\/div>\n<\/div>\n\n\n\n<hr class=\"wp-block-kenta-blocks-separator kb-separator-ca76ea29 kb-separator\"\/>\n\n\n\n<div class=\"wp-block-columns is-layout-flex wp-container-core-columns-is-layout-28f84493 wp-block-columns-is-layout-flex\">\n<div class=\"wp-block-column is-layout-flow wp-block-column-is-layout-flow\">\n<figure class=\"wp-block-image aligncenter size-full is-resized\"><img decoding=\"async\" width=\"591\" height=\"591\" src=\"https:\/\/lorenaalonsodesigns.com\/wp-content\/uploads\/2024\/04\/icono-gestion-de-redes-sociales_lorenaalonsodesings.png\" alt=\"Gesti\u00f3n de redes sociales. Marketing para empresas y peque\u00f1os negocios.\" class=\"wp-image-173\" style=\"width:300px\" srcset=\"https:\/\/lorenaalonsodesigns.com\/wp-content\/uploads\/2024\/04\/icono-gestion-de-redes-sociales_lorenaalonsodesings.png 591w, https:\/\/lorenaalonsodesigns.com\/wp-content\/uploads\/2024\/04\/icono-gestion-de-redes-sociales_lorenaalonsodesings-300x300.png 300w, https:\/\/lorenaalonsodesigns.com\/wp-content\/uploads\/2024\/04\/icono-gestion-de-redes-sociales_lorenaalonsodesings-150x150.png 150w\" sizes=\"(max-width: 591px) 100vw, 591px\" \/><\/figure>\n<\/div>\n\n\n\n<div class=\"wp-block-column is-layout-flow wp-block-column-is-layout-flow\">\n<h3 class=\"wp-block-heading has-text-align-left has-white-color has-text-color\" style=\"font-size:clamp(18.959px, 1.185rem + ((1vw - 3.2px) * 1.255), 30px);\">REDES SOCIALES<\/h3>\n\n\n\n<p class=\"has-white-color has-text-color has-link-color wp-elements-6d979b2980b42c7c100d8f5e738b4198\">La gesti\u00f3n de redes sociales es otra \u00e1rea cr\u00edtica para el marketing moderno, ya que conlleva tiempo y recursos. Estas plataformas permiten interactuar directamente con los clientes y construir una comunidad alrededor de la marca. Publicaciones regulares que muestran a tu marca activa, campa\u00f1as de engagement y contenido multimedia son esenciales para mantener el inter\u00e9s y fomentar la lealtad del cliente. Adem\u00e1s, las herramientas anal\u00edticas proporcionan datos valiosos sobre el comportamiento y preferencias del p\u00fablico, lo que permite ajustar las estrategias en tiempo real para maximizar su eficacia.<\/p>\n\n\n\n<div class=\"wp-block-buttons is-layout-flex wp-block-buttons-is-layout-flex\">\n<div class=\"wp-block-button\"><a class=\"wp-block-button__link wp-element-button\">MUESTRA TU ACTIVIDAD<\/a><\/div>\n<\/div>\n<\/div>\n<\/div>\n\n\n\n<hr class=\"wp-block-kenta-blocks-separator kb-separator-66dbe5c5 kb-separator\"\/>\n\n\n\n<div class=\"wp-block-columns is-layout-flex wp-container-core-columns-is-layout-28f84493 wp-block-columns-is-layout-flex\">\n<div class=\"wp-block-column is-layout-flow wp-block-column-is-layout-flow\">\n<h3 class=\"wp-block-heading has-text-align-left has-white-color has-text-color\" style=\"font-size:clamp(18.959px, 1.185rem + ((1vw - 3.2px) * 1.255), 30px);\">DISE\u00d1O GR\u00c1FICO<\/h3>\n\n\n\n<p class=\"has-white-color has-text-color has-link-color wp-elements-50ca8de0cc0b8e19b361175140d4a929\">El dise\u00f1o gr\u00e1fico es un pilar fundamental del marketing. Una identidad visual coherente y profesional ayuda a establecer la marca y facilita el reconocimiento por parte de los consumidores. Elementos como logotipos, paletas de colores y tipograf\u00edas hablan de ti, reflejan los valores y la personalidad de la empresa, asegurando que cada pieza de material gr\u00e1fico contribuya a una imagen unificada y atractiva. Los elementos gr\u00e1ficos como cat\u00e1logos, folletos o banners ayudar\u00e1n a dar una mayor visibilidad a tu marca y te ayudar\u00e1 a la venta.<\/p>\n\n\n\n<div class=\"wp-block-buttons is-layout-flex wp-block-buttons-is-layout-flex\">\n<div class=\"wp-block-button\"><a class=\"wp-block-button__link wp-element-button\">DESPLIEGA TU MARCA<\/a><\/div>\n<\/div>\n<\/div>\n\n\n\n<div class=\"wp-block-column is-layout-flow wp-block-column-is-layout-flow\">\n<figure class=\"wp-block-image aligncenter size-full is-resized\"><img decoding=\"async\" width=\"591\" height=\"591\" src=\"https:\/\/lorenaalonsodesigns.com\/wp-content\/uploads\/2024\/04\/icono-diseno-grafico_lorenaalonsodesigns.png\" alt=\"Dise\u00f1o gr\u00e1fico de logos, marca personal, folletos, cat\u00e1logos, maquetaci\u00f3n, tarjetas de visita. \" class=\"wp-image-186\" style=\"width:280px\" srcset=\"https:\/\/lorenaalonsodesigns.com\/wp-content\/uploads\/2024\/04\/icono-diseno-grafico_lorenaalonsodesigns.png 591w, https:\/\/lorenaalonsodesigns.com\/wp-content\/uploads\/2024\/04\/icono-diseno-grafico_lorenaalonsodesigns-300x300.png 300w, https:\/\/lorenaalonsodesigns.com\/wp-content\/uploads\/2024\/04\/icono-diseno-grafico_lorenaalonsodesigns-150x150.png 150w\" sizes=\"(max-width: 591px) 100vw, 591px\" \/><\/figure>\n<\/div>\n<\/div>\n\n\n\n<hr class=\"wp-block-kenta-blocks-separator kb-separator-4512e373 kb-separator\"\/>\n\n\n\n<div class=\"wp-block-columns is-layout-flex wp-container-core-columns-is-layout-28f84493 wp-block-columns-is-layout-flex\">\n<div class=\"wp-block-column is-layout-flow wp-block-column-is-layout-flow\">\n<figure class=\"wp-block-image aligncenter size-full is-resized\"><img loading=\"lazy\" decoding=\"async\" width=\"591\" height=\"591\" src=\"https:\/\/lorenaalonsodesigns.com\/wp-content\/uploads\/2024\/04\/icono-paginas-web_lorenaalonsodesigns.png\" alt=\"Creaci\u00f3n de p\u00e1ginas web sencillas para tu negocio. Potencia tu presencia en buscadores, mejora tu seo y tu visibilidad.\" class=\"wp-image-189\" style=\"width:300px\" srcset=\"https:\/\/lorenaalonsodesigns.com\/wp-content\/uploads\/2024\/04\/icono-paginas-web_lorenaalonsodesigns.png 591w, https:\/\/lorenaalonsodesigns.com\/wp-content\/uploads\/2024\/04\/icono-paginas-web_lorenaalonsodesigns-300x300.png 300w, https:\/\/lorenaalonsodesigns.com\/wp-content\/uploads\/2024\/04\/icono-paginas-web_lorenaalonsodesigns-150x150.png 150w\" sizes=\"(max-width: 591px) 100vw, 591px\" \/><\/figure>\n<\/div>\n\n\n\n<div class=\"wp-block-column is-layout-flow wp-block-column-is-layout-flow\">\n<h3 class=\"wp-block-heading has-text-align-left has-white-color has-text-color\" style=\"font-size:clamp(18.959px, 1.185rem + ((1vw - 3.2px) * 1.255), 30px);\">P\u00c1GINAS WEB<\/h3>\n\n\n\n<p class=\"has-white-color has-text-color has-link-color wp-elements-953e617cbbe925a29bdaf6ea0abd3850\">Una p\u00e1gina web es una primera impresi\u00f3n que un cliente tendr\u00e1 de un negocio, ya sea por b\u00fasquedas en Internet o por acceso directo. Por eso, es vital que sea profesional, f\u00e1cil de navegar y optimizada para motores de b\u00fasqueda. El SEO (Search Engine Optimization) juega un papel crucial aqu\u00ed, ya que mejora la visibilidad del sitio en Google y otros buscadores, atrayendo m\u00e1s visitantes. El SEO es esa hormiga que poco a poco genera mayor movimiento y visibilidad. La integraci\u00f3n de funcionalidades como eCommerce, sistemas de reservas en l\u00ednea, blog o asistencia online puede aumentar significativamente la interactividad y la satisfacci\u00f3n del usuario.<\/p>\n\n\n\n<div class=\"wp-block-buttons is-layout-flex wp-block-buttons-is-layout-flex\">\n<div class=\"wp-block-button\"><a class=\"wp-block-button__link wp-element-button\">CREA TU P\u00c1GINA WEB<\/a><\/div>\n<\/div>\n<\/div>\n<\/div>\n\n\n\n<hr class=\"wp-block-kenta-blocks-separator kb-separator-df6f8b3b kb-separator\"\/>\n\n\n\n<div class=\"wp-block-columns is-layout-flex wp-container-core-columns-is-layout-28f84493 wp-block-columns-is-layout-flex\">\n<div class=\"wp-block-column is-layout-flow wp-block-column-is-layout-flow\">\n<h3 class=\"wp-block-heading has-text-align-left has-white-color has-text-color\" style=\"font-size:clamp(18.959px, 1.185rem + ((1vw - 3.2px) * 1.255), 30px);\">COMUNICACI\u00d3N<\/h3>\n\n\n\n<p class=\"has-white-color has-text-color has-link-color wp-elements-6a600d200df68197b75cfa543348466f\">El n\u00facleo del marketing digital es la capacidad de comunicar eficazmente el mensaje de la marca a trav\u00e9s de diversos canales. Esto incluye publicidad en l\u00ednea, email marketing, content marketing y m\u00e1s. Cada m\u00e9todo tiene sus propias t\u00e9cnicas y mejores pr\u00e1cticas que deben ser adaptadas a los objetivos espec\u00edficos de la campa\u00f1a y las caracter\u00edsticas del p\u00fablico objetivo. Una comunicaci\u00f3n clara y persuasiva asegura que el mensaje de la marca resuene con los clientes y los motive.<\/p>\n\n\n\n<div class=\"wp-block-buttons is-layout-flex wp-block-buttons-is-layout-flex\">\n<div class=\"wp-block-button\"><a class=\"wp-block-button__link wp-element-button\">COMUNICA<\/a><\/div>\n<\/div>\n<\/div>\n\n\n\n<div class=\"wp-block-column is-layout-flow wp-block-column-is-layout-flow\">\n<figure class=\"wp-block-image aligncenter size-full is-resized\"><img loading=\"lazy\" decoding=\"async\" width=\"591\" height=\"591\" src=\"https:\/\/lorenaalonsodesigns.com\/wp-content\/uploads\/2024\/04\/icono-comunicacion_lorenaalonsodesigns.png\" alt=\"estrategias de comunicaci\u00f3n para vender, posicionamiento, fidelidad.\" class=\"wp-image-197\" style=\"width:300px\" srcset=\"https:\/\/lorenaalonsodesigns.com\/wp-content\/uploads\/2024\/04\/icono-comunicacion_lorenaalonsodesigns.png 591w, https:\/\/lorenaalonsodesigns.com\/wp-content\/uploads\/2024\/04\/icono-comunicacion_lorenaalonsodesigns-300x300.png 300w, https:\/\/lorenaalonsodesigns.com\/wp-content\/uploads\/2024\/04\/icono-comunicacion_lorenaalonsodesigns-150x150.png 150w\" sizes=\"(max-width: 591px) 100vw, 591px\" \/><\/figure>\n<\/div>\n<\/div>\n\n\n\n<div style=\"height:38px\" aria-hidden=\"true\" class=\"wp-block-spacer\"><\/div>\n","protected":false},"excerpt":{"rendered":"<p>MARKETING En la din\u00e1mica actual del mercado, el marketing se ha transformado en una herramienta esencial para el \u00e9xito de cualquier negocio. A trav\u00e9s de una estrategia bien estructurada que incluye dise\u00f1o gr\u00e1fico, gesti\u00f3n de redes sociales, desarrollo web y comunicaci\u00f3n eficaz, las empresas pueden asegurar una presencia s\u00f3lida en el \u00e1mbito digital y captar [&hellip;]<\/p>\n","protected":false},"author":1,"featured_media":0,"parent":0,"menu_order":0,"comment_status":"closed","ping_status":"open","template":"","meta":{"site-container-style":"default","site-container-layout":"default","site-sidebar-layout":"default","site-transparent-header":"default","prose-style":"enable","disable-article-header":"default","disable-site-header":"default","disable-site-footer":"default","disable-content-area-spacing":"default","footnotes":""},"class_list":["post-2","page","type-page","status-publish","hentry"],"yoast_head":"<!-- This site is optimized with the Yoast SEO plugin v27.6 - https:\/\/yoast.com\/product\/yoast-seo-wordpress\/ -->\n<title>Marketing | Dise\u00f1o | Redes Sociales | Web<\/title>\n<meta name=\"description\" content=\"\u00bfBuscas un servicio externo para las gestiones de marketing y comunicaci\u00f3n? Descubre los servicios para gesti\u00f3n de redes sociales, dise\u00f1o y +\" \/>\n<meta name=\"robots\" content=\"index, follow, max-snippet:-1, max-image-preview:large, max-video-preview:-1\" \/>\n<link rel=\"canonical\" href=\"https:\/\/lorenaalonsodesigns.com\/\" \/>\n<meta property=\"og:locale\" content=\"es_ES\" \/>\n<meta property=\"og:type\" content=\"article\" \/>\n<meta property=\"og:title\" content=\"Marketing | Dise\u00f1o | Redes Sociales | Web\" \/>\n<meta property=\"og:description\" content=\"\u00bfBuscas un servicio externo para las gestiones de marketing y comunicaci\u00f3n? Descubre los servicios para gesti\u00f3n de redes sociales, dise\u00f1o y +\" \/>\n<meta property=\"og:url\" content=\"https:\/\/lorenaalonsodesigns.com\/\" \/>\n<meta property=\"og:site_name\" content=\"Lorena Alonso Designs\" \/>\n<meta property=\"article:modified_time\" content=\"2024-05-14T17:10:40+00:00\" \/>\n<meta property=\"og:image\" content=\"https:\/\/lorenaalonsodesigns.com\/wp-content\/uploads\/2024\/04\/icono-marketing_lorenaalonsodesings.png\" \/>\n<meta name=\"twitter:card\" content=\"summary_large_image\" \/>\n<meta name=\"twitter:label1\" content=\"Tiempo de lectura\" \/>\n\t<meta name=\"twitter:data1\" content=\"4 minutos\" \/>\n<script type=\"application\/ld+json\" class=\"yoast-schema-graph\">{\"@context\":\"https:\\\/\\\/schema.org\",\"@graph\":[{\"@type\":\"WebPage\",\"@id\":\"https:\\\/\\\/lorenaalonsodesigns.com\\\/\",\"url\":\"https:\\\/\\\/lorenaalonsodesigns.com\\\/\",\"name\":\"Marketing | Dise\u00f1o | Redes Sociales | Web\",\"isPartOf\":{\"@id\":\"https:\\\/\\\/lorenaalonsodesigns.com\\\/#website\"},\"primaryImageOfPage\":{\"@id\":\"https:\\\/\\\/lorenaalonsodesigns.com\\\/#primaryimage\"},\"image\":{\"@id\":\"https:\\\/\\\/lorenaalonsodesigns.com\\\/#primaryimage\"},\"thumbnailUrl\":\"https:\\\/\\\/lorenaalonsodesigns.com\\\/wp-content\\\/uploads\\\/2024\\\/04\\\/icono-marketing_lorenaalonsodesings.png\",\"datePublished\":\"2023-10-03T13:30:06+00:00\",\"dateModified\":\"2024-05-14T17:10:40+00:00\",\"description\":\"\u00bfBuscas un servicio externo para las gestiones de marketing y comunicaci\u00f3n? Descubre los servicios para gesti\u00f3n de redes sociales, dise\u00f1o y +\",\"breadcrumb\":{\"@id\":\"https:\\\/\\\/lorenaalonsodesigns.com\\\/#breadcrumb\"},\"inLanguage\":\"es\",\"potentialAction\":[{\"@type\":\"ReadAction\",\"target\":[\"https:\\\/\\\/lorenaalonsodesigns.com\\\/\"]}]},{\"@type\":\"ImageObject\",\"inLanguage\":\"es\",\"@id\":\"https:\\\/\\\/lorenaalonsodesigns.com\\\/#primaryimage\",\"url\":\"https:\\\/\\\/lorenaalonsodesigns.com\\\/wp-content\\\/uploads\\\/2024\\\/04\\\/icono-marketing_lorenaalonsodesings.png\",\"contentUrl\":\"https:\\\/\\\/lorenaalonsodesigns.com\\\/wp-content\\\/uploads\\\/2024\\\/04\\\/icono-marketing_lorenaalonsodesings.png\",\"width\":591,\"height\":591},{\"@type\":\"BreadcrumbList\",\"@id\":\"https:\\\/\\\/lorenaalonsodesigns.com\\\/#breadcrumb\",\"itemListElement\":[{\"@type\":\"ListItem\",\"position\":1,\"name\":\"Portada\",\"item\":\"https:\\\/\\\/lorenaalonsodesigns.com\\\/\"},{\"@type\":\"ListItem\",\"position\":2,\"name\":\"Lorena Alonso\"}]},{\"@type\":\"WebSite\",\"@id\":\"https:\\\/\\\/lorenaalonsodesigns.com\\\/#website\",\"url\":\"https:\\\/\\\/lorenaalonsodesigns.com\\\/\",\"name\":\"Lorena Alonso Designs\",\"description\":\"\",\"publisher\":{\"@id\":\"https:\\\/\\\/lorenaalonsodesigns.com\\\/#organization\"},\"potentialAction\":[{\"@type\":\"SearchAction\",\"target\":{\"@type\":\"EntryPoint\",\"urlTemplate\":\"https:\\\/\\\/lorenaalonsodesigns.com\\\/?s={search_term_string}\"},\"query-input\":{\"@type\":\"PropertyValueSpecification\",\"valueRequired\":true,\"valueName\":\"search_term_string\"}}],\"inLanguage\":\"es\"},{\"@type\":\"Organization\",\"@id\":\"https:\\\/\\\/lorenaalonsodesigns.com\\\/#organization\",\"name\":\"Lorena Alonso Designs\",\"url\":\"https:\\\/\\\/lorenaalonsodesigns.com\\\/\",\"logo\":{\"@type\":\"ImageObject\",\"inLanguage\":\"es\",\"@id\":\"https:\\\/\\\/lorenaalonsodesigns.com\\\/#\\\/schema\\\/logo\\\/image\\\/\",\"url\":\"https:\\\/\\\/lorenaalonsodesigns.com\\\/wp-content\\\/uploads\\\/2023\\\/10\\\/cropped-Logotipo_LorenaAlonsoDesigns_negro-1.png\",\"contentUrl\":\"https:\\\/\\\/lorenaalonsodesigns.com\\\/wp-content\\\/uploads\\\/2023\\\/10\\\/cropped-Logotipo_LorenaAlonsoDesigns_negro-1.png\",\"width\":945,\"height\":945,\"caption\":\"Lorena Alonso Designs\"},\"image\":{\"@id\":\"https:\\\/\\\/lorenaalonsodesigns.com\\\/#\\\/schema\\\/logo\\\/image\\\/\"}}]}<\/script>\n<!-- \/ Yoast SEO plugin. -->","yoast_head_json":{"title":"Marketing | Dise\u00f1o | Redes Sociales | Web","description":"\u00bfBuscas un servicio externo para las gestiones de marketing y comunicaci\u00f3n? Descubre los servicios para gesti\u00f3n de redes sociales, dise\u00f1o y +","robots":{"index":"index","follow":"follow","max-snippet":"max-snippet:-1","max-image-preview":"max-image-preview:large","max-video-preview":"max-video-preview:-1"},"canonical":"https:\/\/lorenaalonsodesigns.com\/","og_locale":"es_ES","og_type":"article","og_title":"Marketing | Dise\u00f1o | Redes Sociales | Web","og_description":"\u00bfBuscas un servicio externo para las gestiones de marketing y comunicaci\u00f3n? Descubre los servicios para gesti\u00f3n de redes sociales, dise\u00f1o y +","og_url":"https:\/\/lorenaalonsodesigns.com\/","og_site_name":"Lorena Alonso Designs","article_modified_time":"2024-05-14T17:10:40+00:00","og_image":[{"url":"https:\/\/lorenaalonsodesigns.com\/wp-content\/uploads\/2024\/04\/icono-marketing_lorenaalonsodesings.png","type":"","width":"","height":""}],"twitter_card":"summary_large_image","twitter_misc":{"Tiempo de lectura":"4 minutos"},"schema":{"@context":"https:\/\/schema.org","@graph":[{"@type":"WebPage","@id":"https:\/\/lorenaalonsodesigns.com\/","url":"https:\/\/lorenaalonsodesigns.com\/","name":"Marketing | Dise\u00f1o | Redes Sociales | Web","isPartOf":{"@id":"https:\/\/lorenaalonsodesigns.com\/#website"},"primaryImageOfPage":{"@id":"https:\/\/lorenaalonsodesigns.com\/#primaryimage"},"image":{"@id":"https:\/\/lorenaalonsodesigns.com\/#primaryimage"},"thumbnailUrl":"https:\/\/lorenaalonsodesigns.com\/wp-content\/uploads\/2024\/04\/icono-marketing_lorenaalonsodesings.png","datePublished":"2023-10-03T13:30:06+00:00","dateModified":"2024-05-14T17:10:40+00:00","description":"\u00bfBuscas un servicio externo para las gestiones de marketing y comunicaci\u00f3n? Descubre los servicios para gesti\u00f3n de redes sociales, dise\u00f1o y +","breadcrumb":{"@id":"https:\/\/lorenaalonsodesigns.com\/#breadcrumb"},"inLanguage":"es","potentialAction":[{"@type":"ReadAction","target":["https:\/\/lorenaalonsodesigns.com\/"]}]},{"@type":"ImageObject","inLanguage":"es","@id":"https:\/\/lorenaalonsodesigns.com\/#primaryimage","url":"https:\/\/lorenaalonsodesigns.com\/wp-content\/uploads\/2024\/04\/icono-marketing_lorenaalonsodesings.png","contentUrl":"https:\/\/lorenaalonsodesigns.com\/wp-content\/uploads\/2024\/04\/icono-marketing_lorenaalonsodesings.png","width":591,"height":591},{"@type":"BreadcrumbList","@id":"https:\/\/lorenaalonsodesigns.com\/#breadcrumb","itemListElement":[{"@type":"ListItem","position":1,"name":"Portada","item":"https:\/\/lorenaalonsodesigns.com\/"},{"@type":"ListItem","position":2,"name":"Lorena Alonso"}]},{"@type":"WebSite","@id":"https:\/\/lorenaalonsodesigns.com\/#website","url":"https:\/\/lorenaalonsodesigns.com\/","name":"Lorena Alonso Designs","description":"","publisher":{"@id":"https:\/\/lorenaalonsodesigns.com\/#organization"},"potentialAction":[{"@type":"SearchAction","target":{"@type":"EntryPoint","urlTemplate":"https:\/\/lorenaalonsodesigns.com\/?s={search_term_string}"},"query-input":{"@type":"PropertyValueSpecification","valueRequired":true,"valueName":"search_term_string"}}],"inLanguage":"es"},{"@type":"Organization","@id":"https:\/\/lorenaalonsodesigns.com\/#organization","name":"Lorena Alonso Designs","url":"https:\/\/lorenaalonsodesigns.com\/","logo":{"@type":"ImageObject","inLanguage":"es","@id":"https:\/\/lorenaalonsodesigns.com\/#\/schema\/logo\/image\/","url":"https:\/\/lorenaalonsodesigns.com\/wp-content\/uploads\/2023\/10\/cropped-Logotipo_LorenaAlonsoDesigns_negro-1.png","contentUrl":"https:\/\/lorenaalonsodesigns.com\/wp-content\/uploads\/2023\/10\/cropped-Logotipo_LorenaAlonsoDesigns_negro-1.png","width":945,"height":945,"caption":"Lorena Alonso Designs"},"image":{"@id":"https:\/\/lorenaalonsodesigns.com\/#\/schema\/logo\/image\/"}}]}},"_links":{"self":[{"href":"https:\/\/lorenaalonsodesigns.com\/index.php?rest_route=\/wp\/v2\/pages\/2","targetHints":{"allow":["GET"]}}],"collection":[{"href":"https:\/\/lorenaalonsodesigns.com\/index.php?rest_route=\/wp\/v2\/pages"}],"about":[{"href":"https:\/\/lorenaalonsodesigns.com\/index.php?rest_route=\/wp\/v2\/types\/page"}],"author":[{"embeddable":true,"href":"https:\/\/lorenaalonsodesigns.com\/index.php?rest_route=\/wp\/v2\/users\/1"}],"replies":[{"embeddable":true,"href":"https:\/\/lorenaalonsodesigns.com\/index.php?rest_route=%2Fwp%2Fv2%2Fcomments&post=2"}],"version-history":[{"count":89,"href":"https:\/\/lorenaalonsodesigns.com\/index.php?rest_route=\/wp\/v2\/pages\/2\/revisions"}],"predecessor-version":[{"id":232,"href":"https:\/\/lorenaalonsodesigns.com\/index.php?rest_route=\/wp\/v2\/pages\/2\/revisions\/232"}],"wp:attachment":[{"href":"https:\/\/lorenaalonsodesigns.com\/index.php?rest_route=%2Fwp%2Fv2%2Fmedia&parent=2"}],"curies":[{"name":"wp","href":"https:\/\/api.w.org\/{rel}","templated":true}]}}