{"id":135,"date":"2024-04-11T07:43:21","date_gmt":"2024-04-11T07:43:21","guid":{"rendered":"https:\/\/lorenaalonsodesigns.com\/?page_id=135"},"modified":"2024-04-22T10:02:40","modified_gmt":"2024-04-22T10:02:40","slug":"trabajos-realizados","status":"publish","type":"page","link":"https:\/\/lorenaalonsodesigns.com\/?page_id=135","title":{"rendered":"Trabajos y proyectos"},"content":{"rendered":"\n<div class=\"wp-block-cover alignfull is-light wp-duotone-unset-2\" style=\"margin-top:0;padding-top:48px;padding-right:48px;padding-bottom:48px;padding-left:48px;min-height:270px;aspect-ratio:unset;\"><span aria-hidden=\"true\" class=\"wp-block-cover__background has-kenta-primary-background-color has-background-dim-10 has-background-dim\"><\/span><img fetchpriority=\"high\" decoding=\"async\" width=\"1707\" height=\"2560\" class=\"wp-block-cover__image-background wp-image-205\" alt=\"Proyecto Siss\u00ed Weddings - Sector Nupcial - Gesti\u00f3n de marca y redes sociales\" src=\"https:\/\/lorenaalonsodesigns.com\/wp-content\/uploads\/2024\/04\/bride-holds-groom-hand-while-going-down-stones-black-white-photo-cropped-scaled.jpg\" style=\"object-position:7% 37%\" data-object-fit=\"cover\" data-object-position=\"7% 37%\" srcset=\"https:\/\/lorenaalonsodesigns.com\/wp-content\/uploads\/2024\/04\/bride-holds-groom-hand-while-going-down-stones-black-white-photo-cropped-scaled.jpg 1707w, https:\/\/lorenaalonsodesigns.com\/wp-content\/uploads\/2024\/04\/bride-holds-groom-hand-while-going-down-stones-black-white-photo-cropped-200x300.jpg 200w, https:\/\/lorenaalonsodesigns.com\/wp-content\/uploads\/2024\/04\/bride-holds-groom-hand-while-going-down-stones-black-white-photo-cropped-683x1024.jpg 683w, https:\/\/lorenaalonsodesigns.com\/wp-content\/uploads\/2024\/04\/bride-holds-groom-hand-while-going-down-stones-black-white-photo-cropped-768x1152.jpg 768w, https:\/\/lorenaalonsodesigns.com\/wp-content\/uploads\/2024\/04\/bride-holds-groom-hand-while-going-down-stones-black-white-photo-cropped-1024x1536.jpg 1024w, https:\/\/lorenaalonsodesigns.com\/wp-content\/uploads\/2024\/04\/bride-holds-groom-hand-while-going-down-stones-black-white-photo-cropped-1365x2048.jpg 1365w\" sizes=\"(max-width: 1707px) 100vw, 1707px\" \/><div class=\"wp-block-cover__inner-container is-layout-flow wp-block-cover-is-layout-flow\">\n<div class=\"wp-block-group is-content-justification-left is-layout-constrained wp-container-core-group-is-layout-0b562c1c wp-block-group-is-layout-constrained\">\n<h2 class=\"wp-block-heading has-text-align-left has-white-color has-text-color\" style=\"font-size:clamp(20px, 1.25rem + ((1vw - 3.2px) * 1.364), 32px);font-style:normal;font-weight:700;letter-spacing:0px;line-height:1;text-transform:uppercase\">siss\u00ed weddings &#8211; sector nupcial<\/h2>\n<\/div>\n\n\n\n<div class=\"wp-block-buttons is-content-justification-left is-nowrap is-layout-flex wp-container-core-buttons-is-layout-92e17da2 wp-block-buttons-is-layout-flex\">\n<div class=\"wp-block-button has-custom-font-size is-style-outline is-style-outline--1\" style=\"font-size:clamp(14px, 0.875rem + ((1vw - 3.2px) * 0.227), 16px);font-style:normal;font-weight:600;letter-spacing:0px;text-transform:uppercase\"><a class=\"wp-block-button__link has-white-color has-kenta-primary-background-color has-text-color has-background wp-element-button\" style=\"padding-top:24px;padding-right:48px;padding-bottom:24px;padding-left:48px\">conoce el proyecto<\/a><\/div>\n<\/div>\n<\/div><\/div>\n\n\n\n<div style=\"height:39px\" aria-hidden=\"true\" class=\"wp-block-spacer\"><\/div>\n\n\n\n<div class=\"wp-block-cover alignfull is-light wp-duotone-unset-3\" style=\"margin-top:0;padding-top:48px;padding-right:48px;padding-bottom:48px;padding-left:48px;min-height:270px;aspect-ratio:unset;\"><span aria-hidden=\"true\" class=\"wp-block-cover__background has-kenta-primary-background-color has-background-dim-10 has-background-dim\"><\/span><img decoding=\"async\" width=\"2560\" height=\"1871\" class=\"wp-block-cover__image-background wp-image-208\" alt=\"\" src=\"https:\/\/lorenaalonsodesigns.com\/wp-content\/uploads\/2024\/04\/high-angle-view-swimming-pool-scaled.jpg\" data-object-fit=\"cover\" srcset=\"https:\/\/lorenaalonsodesigns.com\/wp-content\/uploads\/2024\/04\/high-angle-view-swimming-pool-scaled.jpg 2560w, https:\/\/lorenaalonsodesigns.com\/wp-content\/uploads\/2024\/04\/high-angle-view-swimming-pool-300x219.jpg 300w, https:\/\/lorenaalonsodesigns.com\/wp-content\/uploads\/2024\/04\/high-angle-view-swimming-pool-1024x748.jpg 1024w, https:\/\/lorenaalonsodesigns.com\/wp-content\/uploads\/2024\/04\/high-angle-view-swimming-pool-768x561.jpg 768w, https:\/\/lorenaalonsodesigns.com\/wp-content\/uploads\/2024\/04\/high-angle-view-swimming-pool-1536x1122.jpg 1536w, https:\/\/lorenaalonsodesigns.com\/wp-content\/uploads\/2024\/04\/high-angle-view-swimming-pool-2048x1496.jpg 2048w\" sizes=\"(max-width: 2560px) 100vw, 2560px\" \/><div class=\"wp-block-cover__inner-container is-layout-flow wp-block-cover-is-layout-flow\">\n<div class=\"wp-block-group is-content-justification-left is-layout-constrained wp-container-core-group-is-layout-0b562c1c wp-block-group-is-layout-constrained\">\n<h2 class=\"wp-block-heading has-text-align-left has-white-color has-text-color\" style=\"font-size:clamp(20px, 1.25rem + ((1vw - 3.2px) * 1.364), 32px);font-style:normal;font-weight:700;letter-spacing:0px;line-height:1;text-transform:uppercase\">azulcielocasimar &#8211; tienda online<\/h2>\n<\/div>\n\n\n\n<div class=\"wp-block-buttons is-content-justification-left is-nowrap is-layout-flex wp-container-core-buttons-is-layout-92e17da2 wp-block-buttons-is-layout-flex\">\n<div class=\"wp-block-button has-custom-font-size is-style-fill\" style=\"font-size:clamp(14px, 0.875rem + ((1vw - 3.2px) * 0.227), 16px);font-style:normal;font-weight:600;letter-spacing:0px;text-transform:uppercase\"><a class=\"wp-block-button__link has-white-color has-kenta-primary-background-color has-text-color has-background has-text-align-center wp-element-button\" style=\"padding-top:24px;padding-right:48px;padding-bottom:24px;padding-left:48px\">gesti\u00f3n integral<\/a><\/div>\n<\/div>\n<\/div><\/div>\n\n\n\n<div style=\"height:39px\" aria-hidden=\"true\" class=\"wp-block-spacer\"><\/div>\n\n\n\n<p><\/p>\n\n\n\n<p><\/p>\n","protected":false},"excerpt":{"rendered":"","protected":false},"author":1,"featured_media":0,"parent":2,"menu_order":0,"comment_status":"closed","ping_status":"closed","template":"","meta":{"site-container-style":"default","site-container-layout":"default","site-sidebar-layout":"default","site-transparent-header":"default","prose-style":"enable","disable-article-header":"default","disable-site-header":"default","disable-site-footer":"default","disable-content-area-spacing":"default","footnotes":""},"class_list":["post-135","page","type-page","status-publish","hentry"],"yoast_head":"<!-- This site is optimized with the Yoast SEO plugin v27.6 - https:\/\/yoast.com\/product\/yoast-seo-wordpress\/ -->\n<title>Trabajos y proyectos - Lorena Alonso Designs<\/title>\n<meta name=\"description\" content=\"Conoce algunos de los proyectos realizados. Trabajos para mejora y gesti\u00f3n de marcas, dise\u00f1o gr\u00e1fico, comunicaci\u00f3n.\" \/>\n<meta name=\"robots\" content=\"index, follow, max-snippet:-1, max-image-preview:large, max-video-preview:-1\" \/>\n<link rel=\"canonical\" href=\"https:\/\/lorenaalonsodesigns.com\/?page_id=135\" \/>\n<meta property=\"og:locale\" content=\"es_ES\" \/>\n<meta property=\"og:type\" content=\"article\" \/>\n<meta property=\"og:title\" content=\"Trabajos y proyectos - Lorena Alonso Designs\" \/>\n<meta property=\"og:description\" content=\"Conoce algunos de los proyectos realizados. Trabajos para mejora y gesti\u00f3n de marcas, dise\u00f1o gr\u00e1fico, comunicaci\u00f3n.\" \/>\n<meta property=\"og:url\" content=\"https:\/\/lorenaalonsodesigns.com\/?page_id=135\" \/>\n<meta property=\"og:site_name\" content=\"Lorena Alonso Designs\" \/>\n<meta property=\"article:modified_time\" content=\"2024-04-22T10:02:40+00:00\" \/>\n<meta property=\"og:image\" content=\"https:\/\/lorenaalonsodesigns.com\/wp-content\/uploads\/2024\/04\/bride-holds-groom-hand-while-going-down-stones-black-white-photo-cropped-scaled.jpg\" \/>\n<meta name=\"twitter:card\" content=\"summary_large_image\" \/>\n<meta name=\"twitter:label1\" content=\"Tiempo de lectura\" \/>\n\t<meta name=\"twitter:data1\" content=\"1 minuto\" \/>\n<script type=\"application\/ld+json\" class=\"yoast-schema-graph\">{\"@context\":\"https:\\\/\\\/schema.org\",\"@graph\":[{\"@type\":\"WebPage\",\"@id\":\"https:\\\/\\\/lorenaalonsodesigns.com\\\/?page_id=135\",\"url\":\"https:\\\/\\\/lorenaalonsodesigns.com\\\/?page_id=135\",\"name\":\"Trabajos y proyectos - Lorena Alonso Designs\",\"isPartOf\":{\"@id\":\"https:\\\/\\\/lorenaalonsodesigns.com\\\/#website\"},\"primaryImageOfPage\":{\"@id\":\"https:\\\/\\\/lorenaalonsodesigns.com\\\/?page_id=135#primaryimage\"},\"image\":{\"@id\":\"https:\\\/\\\/lorenaalonsodesigns.com\\\/?page_id=135#primaryimage\"},\"thumbnailUrl\":\"https:\\\/\\\/lorenaalonsodesigns.com\\\/wp-content\\\/uploads\\\/2024\\\/04\\\/bride-holds-groom-hand-while-going-down-stones-black-white-photo-cropped-scaled.jpg\",\"datePublished\":\"2024-04-11T07:43:21+00:00\",\"dateModified\":\"2024-04-22T10:02:40+00:00\",\"description\":\"Conoce algunos de los proyectos realizados. Trabajos para mejora y gesti\u00f3n de marcas, dise\u00f1o gr\u00e1fico, comunicaci\u00f3n.\",\"breadcrumb\":{\"@id\":\"https:\\\/\\\/lorenaalonsodesigns.com\\\/?page_id=135#breadcrumb\"},\"inLanguage\":\"es\",\"potentialAction\":[{\"@type\":\"ReadAction\",\"target\":[\"https:\\\/\\\/lorenaalonsodesigns.com\\\/?page_id=135\"]}]},{\"@type\":\"ImageObject\",\"inLanguage\":\"es\",\"@id\":\"https:\\\/\\\/lorenaalonsodesigns.com\\\/?page_id=135#primaryimage\",\"url\":\"https:\\\/\\\/lorenaalonsodesigns.com\\\/wp-content\\\/uploads\\\/2024\\\/04\\\/bride-holds-groom-hand-while-going-down-stones-black-white-photo-cropped-scaled.jpg\",\"contentUrl\":\"https:\\\/\\\/lorenaalonsodesigns.com\\\/wp-content\\\/uploads\\\/2024\\\/04\\\/bride-holds-groom-hand-while-going-down-stones-black-white-photo-cropped-scaled.jpg\",\"width\":1707,\"height\":2560,\"caption\":\"Bride holds groom hand while going down the stones. Black and white photo. Cropped. High quality photo\"},{\"@type\":\"BreadcrumbList\",\"@id\":\"https:\\\/\\\/lorenaalonsodesigns.com\\\/?page_id=135#breadcrumb\",\"itemListElement\":[{\"@type\":\"ListItem\",\"position\":1,\"name\":\"Portada\",\"item\":\"https:\\\/\\\/lorenaalonsodesigns.com\\\/\"},{\"@type\":\"ListItem\",\"position\":2,\"name\":\"Lorena Alonso\",\"item\":\"https:\\\/\\\/lorenaalonsodesigns.com\\\/\"},{\"@type\":\"ListItem\",\"position\":3,\"name\":\"Trabajos y proyectos\"}]},{\"@type\":\"WebSite\",\"@id\":\"https:\\\/\\\/lorenaalonsodesigns.com\\\/#website\",\"url\":\"https:\\\/\\\/lorenaalonsodesigns.com\\\/\",\"name\":\"Lorena Alonso Designs\",\"description\":\"\",\"publisher\":{\"@id\":\"https:\\\/\\\/lorenaalonsodesigns.com\\\/#organization\"},\"potentialAction\":[{\"@type\":\"SearchAction\",\"target\":{\"@type\":\"EntryPoint\",\"urlTemplate\":\"https:\\\/\\\/lorenaalonsodesigns.com\\\/?s={search_term_string}\"},\"query-input\":{\"@type\":\"PropertyValueSpecification\",\"valueRequired\":true,\"valueName\":\"search_term_string\"}}],\"inLanguage\":\"es\"},{\"@type\":\"Organization\",\"@id\":\"https:\\\/\\\/lorenaalonsodesigns.com\\\/#organization\",\"name\":\"Lorena Alonso Designs\",\"url\":\"https:\\\/\\\/lorenaalonsodesigns.com\\\/\",\"logo\":{\"@type\":\"ImageObject\",\"inLanguage\":\"es\",\"@id\":\"https:\\\/\\\/lorenaalonsodesigns.com\\\/#\\\/schema\\\/logo\\\/image\\\/\",\"url\":\"https:\\\/\\\/lorenaalonsodesigns.com\\\/wp-content\\\/uploads\\\/2023\\\/10\\\/cropped-Logotipo_LorenaAlonsoDesigns_negro-1.png\",\"contentUrl\":\"https:\\\/\\\/lorenaalonsodesigns.com\\\/wp-content\\\/uploads\\\/2023\\\/10\\\/cropped-Logotipo_LorenaAlonsoDesigns_negro-1.png\",\"width\":945,\"height\":945,\"caption\":\"Lorena Alonso Designs\"},\"image\":{\"@id\":\"https:\\\/\\\/lorenaalonsodesigns.com\\\/#\\\/schema\\\/logo\\\/image\\\/\"}}]}<\/script>\n<!-- \/ Yoast SEO plugin. -->","yoast_head_json":{"title":"Trabajos y proyectos - Lorena Alonso Designs","description":"Conoce algunos de los proyectos realizados. Trabajos para mejora y gesti\u00f3n de marcas, dise\u00f1o gr\u00e1fico, comunicaci\u00f3n.","robots":{"index":"index","follow":"follow","max-snippet":"max-snippet:-1","max-image-preview":"max-image-preview:large","max-video-preview":"max-video-preview:-1"},"canonical":"https:\/\/lorenaalonsodesigns.com\/?page_id=135","og_locale":"es_ES","og_type":"article","og_title":"Trabajos y proyectos - Lorena Alonso Designs","og_description":"Conoce algunos de los proyectos realizados. Trabajos para mejora y gesti\u00f3n de marcas, dise\u00f1o gr\u00e1fico, comunicaci\u00f3n.","og_url":"https:\/\/lorenaalonsodesigns.com\/?page_id=135","og_site_name":"Lorena Alonso Designs","article_modified_time":"2024-04-22T10:02:40+00:00","og_image":[{"url":"https:\/\/lorenaalonsodesigns.com\/wp-content\/uploads\/2024\/04\/bride-holds-groom-hand-while-going-down-stones-black-white-photo-cropped-scaled.jpg","type":"","width":"","height":""}],"twitter_card":"summary_large_image","twitter_misc":{"Tiempo de lectura":"1 minuto"},"schema":{"@context":"https:\/\/schema.org","@graph":[{"@type":"WebPage","@id":"https:\/\/lorenaalonsodesigns.com\/?page_id=135","url":"https:\/\/lorenaalonsodesigns.com\/?page_id=135","name":"Trabajos y proyectos - Lorena Alonso Designs","isPartOf":{"@id":"https:\/\/lorenaalonsodesigns.com\/#website"},"primaryImageOfPage":{"@id":"https:\/\/lorenaalonsodesigns.com\/?page_id=135#primaryimage"},"image":{"@id":"https:\/\/lorenaalonsodesigns.com\/?page_id=135#primaryimage"},"thumbnailUrl":"https:\/\/lorenaalonsodesigns.com\/wp-content\/uploads\/2024\/04\/bride-holds-groom-hand-while-going-down-stones-black-white-photo-cropped-scaled.jpg","datePublished":"2024-04-11T07:43:21+00:00","dateModified":"2024-04-22T10:02:40+00:00","description":"Conoce algunos de los proyectos realizados. Trabajos para mejora y gesti\u00f3n de marcas, dise\u00f1o gr\u00e1fico, comunicaci\u00f3n.","breadcrumb":{"@id":"https:\/\/lorenaalonsodesigns.com\/?page_id=135#breadcrumb"},"inLanguage":"es","potentialAction":[{"@type":"ReadAction","target":["https:\/\/lorenaalonsodesigns.com\/?page_id=135"]}]},{"@type":"ImageObject","inLanguage":"es","@id":"https:\/\/lorenaalonsodesigns.com\/?page_id=135#primaryimage","url":"https:\/\/lorenaalonsodesigns.com\/wp-content\/uploads\/2024\/04\/bride-holds-groom-hand-while-going-down-stones-black-white-photo-cropped-scaled.jpg","contentUrl":"https:\/\/lorenaalonsodesigns.com\/wp-content\/uploads\/2024\/04\/bride-holds-groom-hand-while-going-down-stones-black-white-photo-cropped-scaled.jpg","width":1707,"height":2560,"caption":"Bride holds groom hand while going down the stones. Black and white photo. Cropped. High quality photo"},{"@type":"BreadcrumbList","@id":"https:\/\/lorenaalonsodesigns.com\/?page_id=135#breadcrumb","itemListElement":[{"@type":"ListItem","position":1,"name":"Portada","item":"https:\/\/lorenaalonsodesigns.com\/"},{"@type":"ListItem","position":2,"name":"Lorena Alonso","item":"https:\/\/lorenaalonsodesigns.com\/"},{"@type":"ListItem","position":3,"name":"Trabajos y proyectos"}]},{"@type":"WebSite","@id":"https:\/\/lorenaalonsodesigns.com\/#website","url":"https:\/\/lorenaalonsodesigns.com\/","name":"Lorena Alonso Designs","description":"","publisher":{"@id":"https:\/\/lorenaalonsodesigns.com\/#organization"},"potentialAction":[{"@type":"SearchAction","target":{"@type":"EntryPoint","urlTemplate":"https:\/\/lorenaalonsodesigns.com\/?s={search_term_string}"},"query-input":{"@type":"PropertyValueSpecification","valueRequired":true,"valueName":"search_term_string"}}],"inLanguage":"es"},{"@type":"Organization","@id":"https:\/\/lorenaalonsodesigns.com\/#organization","name":"Lorena Alonso Designs","url":"https:\/\/lorenaalonsodesigns.com\/","logo":{"@type":"ImageObject","inLanguage":"es","@id":"https:\/\/lorenaalonsodesigns.com\/#\/schema\/logo\/image\/","url":"https:\/\/lorenaalonsodesigns.com\/wp-content\/uploads\/2023\/10\/cropped-Logotipo_LorenaAlonsoDesigns_negro-1.png","contentUrl":"https:\/\/lorenaalonsodesigns.com\/wp-content\/uploads\/2023\/10\/cropped-Logotipo_LorenaAlonsoDesigns_negro-1.png","width":945,"height":945,"caption":"Lorena Alonso Designs"},"image":{"@id":"https:\/\/lorenaalonsodesigns.com\/#\/schema\/logo\/image\/"}}]}},"_links":{"self":[{"href":"https:\/\/lorenaalonsodesigns.com\/index.php?rest_route=\/wp\/v2\/pages\/135","targetHints":{"allow":["GET"]}}],"collection":[{"href":"https:\/\/lorenaalonsodesigns.com\/index.php?rest_route=\/wp\/v2\/pages"}],"about":[{"href":"https:\/\/lorenaalonsodesigns.com\/index.php?rest_route=\/wp\/v2\/types\/page"}],"author":[{"embeddable":true,"href":"https:\/\/lorenaalonsodesigns.com\/index.php?rest_route=\/wp\/v2\/users\/1"}],"replies":[{"embeddable":true,"href":"https:\/\/lorenaalonsodesigns.com\/index.php?rest_route=%2Fwp%2Fv2%2Fcomments&post=135"}],"version-history":[{"count":5,"href":"https:\/\/lorenaalonsodesigns.com\/index.php?rest_route=\/wp\/v2\/pages\/135\/revisions"}],"predecessor-version":[{"id":212,"href":"https:\/\/lorenaalonsodesigns.com\/index.php?rest_route=\/wp\/v2\/pages\/135\/revisions\/212"}],"up":[{"embeddable":true,"href":"https:\/\/lorenaalonsodesigns.com\/index.php?rest_route=\/wp\/v2\/pages\/2"}],"wp:attachment":[{"href":"https:\/\/lorenaalonsodesigns.com\/index.php?rest_route=%2Fwp%2Fv2%2Fmedia&parent=135"}],"curies":[{"name":"wp","href":"https:\/\/api.w.org\/{rel}","templated":true}]}}