{"id":132,"date":"2024-04-11T07:20:20","date_gmt":"2024-04-11T07:20:20","guid":{"rendered":"https:\/\/lorenaalonsodesigns.com\/?page_id=132"},"modified":"2024-06-24T08:29:40","modified_gmt":"2024-06-24T08:29:40","slug":"contacto","status":"publish","type":"page","link":"https:\/\/lorenaalonsodesigns.com\/?page_id=132","title":{"rendered":"Contacto"},"content":{"rendered":"<div class='fluentform ff-default fluentform_wrapper_1  ff_guten_block ffs_default_wrap'><form data-form_id=\"1\" id=\"fluentform_1\" class=\"frm-fluent-form fluent_form_1 ff-el-form-top ff_form_instance_1_1 ff-form-loading ffs_default\" data-form_instance=\"ff_form_instance_1_1\" method=\"POST\" ><fieldset  style=\"border: none!important;margin: 0!important;padding: 0!important;background-color: transparent!important;box-shadow: none!important;outline: none!important; min-inline-size: 100%;\">\n                    <legend class=\"ff_screen_reader_title\" style=\"display: block; margin: 0!important;padding: 0!important;height: 0!important;text-indent: -999999px;width: 0!important;overflow:hidden;\">Contacto<\/legend><input type='hidden' name='__fluent_form_embded_post_id' value='132' \/><input type=\"hidden\" id=\"_fluentform_1_fluentformnonce\" name=\"_fluentform_1_fluentformnonce\" value=\"6beae00024\" \/><input type=\"hidden\" name=\"_wp_http_referer\" value=\"\/index.php?rest_route=%2Fwp%2Fv2%2Fpages%2F132\" \/><div data-type=\"name-element\" data-name=\"names\" class=\" ff-field_container ff-name-field-wrapper\" ><div class='ff-t-container'><div class='ff-t-cell '><div class='ff-el-group'><div class=\"ff-el-input--label ff-el-is-required asterisk-right\"><label for='ff_1_names_first_name_' aria-label=\"Nombre\">Nombre<\/label><\/div><div class='ff-el-input--content'><input type=\"text\" name=\"names[first_name]\" id=\"ff_1_names_first_name_\" class=\"ff-el-form-control\" placeholder=\"Nombre y apellido\" aria-invalid=\"false\" aria-required=true><\/div><\/div><\/div><\/div><\/div><div class='ff-el-group'><div class=\"ff-el-input--label asterisk-right\"><label for='ff_1_input_text' aria-label=\"Empresa\">Empresa<\/label><\/div><div class='ff-el-input--content'><input type=\"text\" name=\"input_text\" class=\"ff-el-form-control\" data-name=\"input_text\" id=\"ff_1_input_text\"  aria-invalid=\"false\" aria-required=false><\/div><\/div><div class='ff-el-group'><div class=\"ff-el-input--label ff-el-is-required asterisk-right\"><label for='ff_1_email' aria-label=\"Email\">Email<\/label><\/div><div class='ff-el-input--content'><input type=\"email\" name=\"email\" id=\"ff_1_email\" class=\"ff-el-form-control\" placeholder=\"Email \" data-name=\"email\"  aria-invalid=\"false\" aria-required=true><\/div><\/div><div class='ff-el-group'><div class=\"ff-el-input--label ff-el-is-required asterisk-right\"><label for='ff_1_message' aria-label=\"Mensaje\">Mensaje<\/label><\/div><div class='ff-el-input--content'><textarea aria-invalid=\"false\" aria-required=true name=\"message\" id=\"ff_1_message\" class=\"ff-el-form-control\" placeholder=\"Mensaje\" rows=\"4\" cols=\"2\" data-name=\"message\" ><\/textarea><\/div><\/div><div class='ff-el-group    ff-el-input--content'><div class='ff-el-form-check ff-el-tc'><label aria-label='terms &#038; conditions' class='ff-el-form-check-label ff_tc_label' for=terms-n-condition_ed8513213425ced2a074d23d54eaa7c9><span class='ff_tc_checkbox'><input type=\"checkbox\" name=\"terms-n-condition\" class=\"ff-el-form-check-input\" data-name=\"terms-n-condition\" id=\"terms-n-condition_ed8513213425ced2a074d23d54eaa7c9\"  value='on' aria-invalid='false' aria-required=true><\/span> <div class='ff_t_c'><p>He le\u00eddo y estoy de acuerdo con los <a href=\"#\" target=\"_blank\" rel=\"noopener\">T\u00e9rminos y condiciones<\/a> y la <a href=\"#\" target=\"_blank\" rel=\"noopener\">Pol\u00edtica de privacidad<\/a><\/p><\/div><\/label><\/div><\/div><div class='ff-el-group ff-text-left ff_submit_btn_wrapper'><button type=\"submit\" class=\"ff-btn ff-btn-submit ff-btn-md ff_btn_style wpf_has_custom_css\" >Enviar<\/button><\/div><\/fieldset><\/form><div id='fluentform_1_errors' class='ff-errors-in-stack ff_form_instance_1_1 ff-form-loading_errors ff_form_instance_1_1_errors'><\/div><\/div>        <script type=\"text\/javascript\">\n            window.fluent_form_ff_form_instance_1_1 = {\"id\":\"1\",\"settings\":{\"layout\":{\"labelPlacement\":\"top\",\"helpMessagePlacement\":\"with_label\",\"errorMessagePlacement\":\"inline\",\"cssClassName\":\"\",\"asteriskPlacement\":\"asterisk-right\"},\"restrictions\":{\"denyEmptySubmission\":{\"enabled\":false}}},\"form_instance\":\"ff_form_instance_1_1\",\"form_id_selector\":\"fluentform_1\",\"rules\":{\"names[first_name]\":{\"required\":{\"value\":true,\"message\":\"This field is required\",\"global\":false,\"global_message\":\"Este campo es obligatorio\"}},\"names[middle_name]\":{\"required\":{\"value\":false,\"message\":\"This field is required\",\"global\":false,\"global_message\":\"Este campo es obligatorio\"}},\"names[last_name]\":{\"required\":{\"value\":false,\"message\":\"This field is required\",\"global\":false,\"global_message\":\"Este campo es obligatorio\"}},\"input_text\":{\"required\":{\"value\":false,\"message\":\"Este campo es obligatorio\",\"global_message\":\"Este campo es obligatorio\",\"global\":true}},\"email\":{\"required\":{\"value\":true,\"message\":\"This field is required\",\"global\":false,\"global_message\":\"Este campo es obligatorio\"},\"email\":{\"value\":true,\"message\":\"This field must contain a valid email\",\"global\":false,\"global_message\":\"Este campo debe contener un correo electr\\u00f3nico v\\u00e1lido\"}},\"message\":{\"required\":{\"value\":true,\"message\":\"This field is required\",\"global\":false,\"global_message\":\"Este campo es obligatorio\"}},\"terms-n-condition\":{\"required\":{\"value\":true,\"message\":\"Este campo es obligatorio\",\"global_message\":\"Este campo es obligatorio\",\"global\":true}}}};\n                    <\/script>\n        ","protected":false},"excerpt":{"rendered":"","protected":false},"author":1,"featured_media":0,"parent":0,"menu_order":0,"comment_status":"closed","ping_status":"closed","template":"","meta":{"site-container-style":"default","site-container-layout":"default","site-sidebar-layout":"default","site-transparent-header":"default","prose-style":"enable","disable-article-header":"default","disable-site-header":"default","disable-site-footer":"default","disable-content-area-spacing":"default","footnotes":""},"class_list":["post-132","page","type-page","status-publish","hentry"],"yoast_head":"<!-- This site is optimized with the Yoast SEO plugin v27.6 - https:\/\/yoast.com\/product\/yoast-seo-wordpress\/ -->\n<title>Contacto | Servicios de marketing y comunicaci\u00f3n | Madrid<\/title>\n<meta name=\"description\" content=\"Lorena Alonso Designs | Servicios de Marketing y Comunicaci\u00f3n para empresas y peque\u00f1os negocios. En Madrid.\" \/>\n<meta name=\"robots\" content=\"index, follow, max-snippet:-1, max-image-preview:large, max-video-preview:-1\" \/>\n<link rel=\"canonical\" href=\"https:\/\/lorenaalonsodesigns.com\/?page_id=132\" \/>\n<meta property=\"og:locale\" content=\"es_ES\" \/>\n<meta property=\"og:type\" content=\"article\" \/>\n<meta property=\"og:title\" content=\"Contacto | Servicios de marketing y comunicaci\u00f3n | Madrid\" \/>\n<meta property=\"og:description\" content=\"Lorena Alonso Designs | Servicios de Marketing y Comunicaci\u00f3n para empresas y peque\u00f1os negocios. En Madrid.\" \/>\n<meta property=\"og:url\" content=\"https:\/\/lorenaalonsodesigns.com\/?page_id=132\" \/>\n<meta property=\"og:site_name\" content=\"Lorena Alonso Designs\" \/>\n<meta property=\"article:modified_time\" content=\"2024-06-24T08:29:40+00:00\" \/>\n<meta name=\"twitter:card\" content=\"summary_large_image\" \/>\n<script type=\"application\/ld+json\" class=\"yoast-schema-graph\">{\"@context\":\"https:\\\/\\\/schema.org\",\"@graph\":[{\"@type\":\"WebPage\",\"@id\":\"https:\\\/\\\/lorenaalonsodesigns.com\\\/?page_id=132\",\"url\":\"https:\\\/\\\/lorenaalonsodesigns.com\\\/?page_id=132\",\"name\":\"Contacto | Servicios de marketing y comunicaci\u00f3n | Madrid\",\"isPartOf\":{\"@id\":\"https:\\\/\\\/lorenaalonsodesigns.com\\\/#website\"},\"datePublished\":\"2024-04-11T07:20:20+00:00\",\"dateModified\":\"2024-06-24T08:29:40+00:00\",\"description\":\"Lorena Alonso Designs | Servicios de Marketing y Comunicaci\u00f3n para empresas y peque\u00f1os negocios. En Madrid.\",\"breadcrumb\":{\"@id\":\"https:\\\/\\\/lorenaalonsodesigns.com\\\/?page_id=132#breadcrumb\"},\"inLanguage\":\"es\",\"potentialAction\":[{\"@type\":\"ReadAction\",\"target\":[\"https:\\\/\\\/lorenaalonsodesigns.com\\\/?page_id=132\"]}]},{\"@type\":\"BreadcrumbList\",\"@id\":\"https:\\\/\\\/lorenaalonsodesigns.com\\\/?page_id=132#breadcrumb\",\"itemListElement\":[{\"@type\":\"ListItem\",\"position\":1,\"name\":\"Portada\",\"item\":\"https:\\\/\\\/lorenaalonsodesigns.com\\\/\"},{\"@type\":\"ListItem\",\"position\":2,\"name\":\"Contacto\"}]},{\"@type\":\"WebSite\",\"@id\":\"https:\\\/\\\/lorenaalonsodesigns.com\\\/#website\",\"url\":\"https:\\\/\\\/lorenaalonsodesigns.com\\\/\",\"name\":\"Lorena Alonso Designs\",\"description\":\"\",\"publisher\":{\"@id\":\"https:\\\/\\\/lorenaalonsodesigns.com\\\/#organization\"},\"potentialAction\":[{\"@type\":\"SearchAction\",\"target\":{\"@type\":\"EntryPoint\",\"urlTemplate\":\"https:\\\/\\\/lorenaalonsodesigns.com\\\/?s={search_term_string}\"},\"query-input\":{\"@type\":\"PropertyValueSpecification\",\"valueRequired\":true,\"valueName\":\"search_term_string\"}}],\"inLanguage\":\"es\"},{\"@type\":\"Organization\",\"@id\":\"https:\\\/\\\/lorenaalonsodesigns.com\\\/#organization\",\"name\":\"Lorena Alonso Designs\",\"url\":\"https:\\\/\\\/lorenaalonsodesigns.com\\\/\",\"logo\":{\"@type\":\"ImageObject\",\"inLanguage\":\"es\",\"@id\":\"https:\\\/\\\/lorenaalonsodesigns.com\\\/#\\\/schema\\\/logo\\\/image\\\/\",\"url\":\"https:\\\/\\\/lorenaalonsodesigns.com\\\/wp-content\\\/uploads\\\/2023\\\/10\\\/cropped-Logotipo_LorenaAlonsoDesigns_negro-1.png\",\"contentUrl\":\"https:\\\/\\\/lorenaalonsodesigns.com\\\/wp-content\\\/uploads\\\/2023\\\/10\\\/cropped-Logotipo_LorenaAlonsoDesigns_negro-1.png\",\"width\":945,\"height\":945,\"caption\":\"Lorena Alonso Designs\"},\"image\":{\"@id\":\"https:\\\/\\\/lorenaalonsodesigns.com\\\/#\\\/schema\\\/logo\\\/image\\\/\"}}]}<\/script>\n<!-- \/ Yoast SEO plugin. -->","yoast_head_json":{"title":"Contacto | Servicios de marketing y comunicaci\u00f3n | Madrid","description":"Lorena Alonso Designs | Servicios de Marketing y Comunicaci\u00f3n para empresas y peque\u00f1os negocios. En Madrid.","robots":{"index":"index","follow":"follow","max-snippet":"max-snippet:-1","max-image-preview":"max-image-preview:large","max-video-preview":"max-video-preview:-1"},"canonical":"https:\/\/lorenaalonsodesigns.com\/?page_id=132","og_locale":"es_ES","og_type":"article","og_title":"Contacto | Servicios de marketing y comunicaci\u00f3n | Madrid","og_description":"Lorena Alonso Designs | Servicios de Marketing y Comunicaci\u00f3n para empresas y peque\u00f1os negocios. En Madrid.","og_url":"https:\/\/lorenaalonsodesigns.com\/?page_id=132","og_site_name":"Lorena Alonso Designs","article_modified_time":"2024-06-24T08:29:40+00:00","twitter_card":"summary_large_image","schema":{"@context":"https:\/\/schema.org","@graph":[{"@type":"WebPage","@id":"https:\/\/lorenaalonsodesigns.com\/?page_id=132","url":"https:\/\/lorenaalonsodesigns.com\/?page_id=132","name":"Contacto | Servicios de marketing y comunicaci\u00f3n | Madrid","isPartOf":{"@id":"https:\/\/lorenaalonsodesigns.com\/#website"},"datePublished":"2024-04-11T07:20:20+00:00","dateModified":"2024-06-24T08:29:40+00:00","description":"Lorena Alonso Designs | Servicios de Marketing y Comunicaci\u00f3n para empresas y peque\u00f1os negocios. En Madrid.","breadcrumb":{"@id":"https:\/\/lorenaalonsodesigns.com\/?page_id=132#breadcrumb"},"inLanguage":"es","potentialAction":[{"@type":"ReadAction","target":["https:\/\/lorenaalonsodesigns.com\/?page_id=132"]}]},{"@type":"BreadcrumbList","@id":"https:\/\/lorenaalonsodesigns.com\/?page_id=132#breadcrumb","itemListElement":[{"@type":"ListItem","position":1,"name":"Portada","item":"https:\/\/lorenaalonsodesigns.com\/"},{"@type":"ListItem","position":2,"name":"Contacto"}]},{"@type":"WebSite","@id":"https:\/\/lorenaalonsodesigns.com\/#website","url":"https:\/\/lorenaalonsodesigns.com\/","name":"Lorena Alonso Designs","description":"","publisher":{"@id":"https:\/\/lorenaalonsodesigns.com\/#organization"},"potentialAction":[{"@type":"SearchAction","target":{"@type":"EntryPoint","urlTemplate":"https:\/\/lorenaalonsodesigns.com\/?s={search_term_string}"},"query-input":{"@type":"PropertyValueSpecification","valueRequired":true,"valueName":"search_term_string"}}],"inLanguage":"es"},{"@type":"Organization","@id":"https:\/\/lorenaalonsodesigns.com\/#organization","name":"Lorena Alonso Designs","url":"https:\/\/lorenaalonsodesigns.com\/","logo":{"@type":"ImageObject","inLanguage":"es","@id":"https:\/\/lorenaalonsodesigns.com\/#\/schema\/logo\/image\/","url":"https:\/\/lorenaalonsodesigns.com\/wp-content\/uploads\/2023\/10\/cropped-Logotipo_LorenaAlonsoDesigns_negro-1.png","contentUrl":"https:\/\/lorenaalonsodesigns.com\/wp-content\/uploads\/2023\/10\/cropped-Logotipo_LorenaAlonsoDesigns_negro-1.png","width":945,"height":945,"caption":"Lorena Alonso Designs"},"image":{"@id":"https:\/\/lorenaalonsodesigns.com\/#\/schema\/logo\/image\/"}}]}},"_links":{"self":[{"href":"https:\/\/lorenaalonsodesigns.com\/index.php?rest_route=\/wp\/v2\/pages\/132","targetHints":{"allow":["GET"]}}],"collection":[{"href":"https:\/\/lorenaalonsodesigns.com\/index.php?rest_route=\/wp\/v2\/pages"}],"about":[{"href":"https:\/\/lorenaalonsodesigns.com\/index.php?rest_route=\/wp\/v2\/types\/page"}],"author":[{"embeddable":true,"href":"https:\/\/lorenaalonsodesigns.com\/index.php?rest_route=\/wp\/v2\/users\/1"}],"replies":[{"embeddable":true,"href":"https:\/\/lorenaalonsodesigns.com\/index.php?rest_route=%2Fwp%2Fv2%2Fcomments&post=132"}],"version-history":[{"count":2,"href":"https:\/\/lorenaalonsodesigns.com\/index.php?rest_route=\/wp\/v2\/pages\/132\/revisions"}],"predecessor-version":[{"id":242,"href":"https:\/\/lorenaalonsodesigns.com\/index.php?rest_route=\/wp\/v2\/pages\/132\/revisions\/242"}],"wp:attachment":[{"href":"https:\/\/lorenaalonsodesigns.com\/index.php?rest_route=%2Fwp%2Fv2%2Fmedia&parent=132"}],"curies":[{"name":"wp","href":"https:\/\/api.w.org\/{rel}","templated":true}]}}